{"id":2735,"date":"2024-08-23T13:15:54","date_gmt":"2024-08-23T12:15:54","guid":{"rendered":"https:\/\/divanicare.com\/home\/?page_id=2735"},"modified":"2024-11-16T15:05:28","modified_gmt":"2024-11-16T14:05:28","slug":"politica-de-privacidade","status":"publish","type":"page","link":"https:\/\/divanicare.com\/home\/politica-de-privacidade\/","title":{"rendered":"Pol\u00edtica de privacidade"},"content":{"rendered":"\t\t<div data-elementor-type=\"wp-page\" data-elementor-id=\"2735\" class=\"elementor elementor-2735\" data-elementor-settings=\"{&quot;ha_cmc_init_switcher&quot;:&quot;no&quot;}\">\n\t\t\t\t<div class=\"elementor-element elementor-element-1b6e262 e-flex e-con-boxed e-con e-parent\" data-id=\"1b6e262\" data-element_type=\"container\" data-e-type=\"container\" data-settings=\"{&quot;background_background&quot;:&quot;classic&quot;,&quot;_ha_eqh_enable&quot;:false}\">\n\t\t\t\t\t<div class=\"e-con-inner\">\n\t\t\t\t<div class=\"elementor-element elementor-element-09fee60 elementor-widget elementor-widget-heading\" data-id=\"09fee60\" data-element_type=\"widget\" data-e-type=\"widget\" data-widget_type=\"heading.default\">\n\t\t\t\t<div class=\"elementor-widget-container\">\n\t\t\t\t\t<h2 class=\"elementor-heading-title elementor-size-default\">Pol\u00edtica de privacidade da Divani Care<\/h2>\t\t\t\t<\/div>\n\t\t\t\t<\/div>\n\t\t\t\t\t<\/div>\n\t\t\t\t<\/div>\n\t\t<div class=\"elementor-element elementor-element-ab53ea2 e-con-full e-flex e-con e-parent\" data-id=\"ab53ea2\" data-element_type=\"container\" data-e-type=\"container\" data-settings=\"{&quot;background_background&quot;:&quot;classic&quot;,&quot;_ha_eqh_enable&quot;:false}\">\n\t\t\t\t<div class=\"elementor-element elementor-element-eac929e elementor-widget elementor-widget-text-editor\" data-id=\"eac929e\" data-element_type=\"widget\" data-e-type=\"widget\" data-widget_type=\"text-editor.default\">\n\t\t\t\t<div class=\"elementor-widget-container\">\n\t\t\t\t\t\t\t\t\t<p><b>1. Introdu\u00e7\u00e3o<\/b><\/p>\n<p>Na <b>Divani Care<\/b>, comprometemo-nos a proteger a privacidade dos nossos clientes e visitantes do nosso site. Esta Pol\u00edtica de Privacidade explica como recolhemos, utilizamos e protegemos os seus dados pessoais. Ao utilizar os nossos servi\u00e7os, est\u00e1 a aceitar os termos desta pol\u00edtica.<\/p>\n<p><b>2. Informa\u00e7\u00f5es que Recolhemos<br><\/b>Recolhemos dados pessoais de v\u00e1rias formas, incluindo, mas n\u00e3o se limitando a:<\/p>\n<ul>\n<li><strong>Informa\u00e7\u00f5es fornecidas diretamente:<\/strong> Nome, morada, e-mail, n\u00famero de telefone, e outras informa\u00e7\u00f5es que nos forne\u00e7a ao agendar servi\u00e7os ou ao entrar em contacto conosco.<\/li>\n<\/ul>\n<ul>\n<li><strong>Informa\u00e7\u00f5es de navega\u00e7\u00e3o:<\/strong> Dados sobre a sua navega\u00e7\u00e3o no nosso site, como endere\u00e7o IP, tipo de dispositivo, e p\u00e1ginas visitadas.<\/li>\n<\/ul>\n<p><b>3. Utiliza\u00e7\u00e3o das Informa\u00e7\u00f5es<\/b><\/p>\n<p>Os dados recolhidos s\u00e3o utilizados para:<\/p>\n<ul>\n<li><strong>Prestar os servi\u00e7os solicitados:<\/strong> Gerir agendamentos, comunicar sobre servi\u00e7os, e processar pagamentos.<\/li>\n<li><strong>Melhorar os nossos servi\u00e7os:<\/strong> Analisar o uso do site para melhorar a experi\u00eancia do utilizador.<\/li>\n<li><strong>Comunica\u00e7\u00e3o e marketing:<\/strong> Enviar atualiza\u00e7\u00f5es, ofertas especiais, e informa\u00e7\u00f5es relacionadas com os nossos servi\u00e7os. Pode optar por n\u00e3o receber comunica\u00e7\u00f5es de marketing a qualquer momento.<\/li>\n<\/ul>\n<p><b>4. Partilha de Informa\u00e7\u00f5es<\/b><\/p>\n<p>A <b>Divani Care<\/b> n\u00e3o partilha os seus dados pessoais com terceiros, exceto:<\/p>\n<ul>\n<li><strong>Com prestadores de servi\u00e7os:<\/strong> Terceiros que nos ajudam a operar o nosso neg\u00f3cio (por exemplo, servi\u00e7os de pagamento, alojamento do site), apenas na medida do necess\u00e1rio.<\/li>\n<li><strong>Para cumprimento legal:<\/strong> Quando exigido por lei, ou para proteger os nossos direitos, propriedade, ou seguran\u00e7a, ou de outros.<\/li>\n<\/ul>\n<p><b>5. Seguran\u00e7a dos Dados<\/b><\/p>\n<p>Implementamos medidas t\u00e9cnicas e organizacionais adequadas para proteger os seus dados pessoais contra perda, uso indevido, acesso n\u00e3o autorizado, divulga\u00e7\u00e3o ou altera\u00e7\u00e3o. No entanto, nenhum m\u00e9todo de transmiss\u00e3o pela internet ou armazenamento eletr\u00f3nico \u00e9 100% seguro.<\/p>\n<p><b>6. Direitos dos Titulares dos Dados<\/b><\/p>\n<p>De acordo com o Regulamento Geral sobre a Prote\u00e7\u00e3o de Dados (RGPD), tem o direito de:<\/p>\n<ul>\n<li><strong>Aceder aos seus dados pessoais:<\/strong> Solicitar uma c\u00f3pia das informa\u00e7\u00f5es que temos sobre si.<\/li>\n<li><strong>Retificar os seus dados:<\/strong> Corrigir informa\u00e7\u00f5es imprecisas ou incompletas.<\/li>\n<li><strong>Apagar os seus dados:<\/strong> Pedir a elimina\u00e7\u00e3o dos seus dados pessoais.<\/li>\n<li><strong>Restringir ou opor-se ao tratamento:<\/strong> Limitar o uso ou opor-se ao tratamento dos seus dados.<\/li>\n<li><strong>Portabilidade dos dados:<\/strong> Solicitar a transfer\u00eancia dos seus dados para outra entidade.<\/li>\n<\/ul>\n<p>Para exercer estes direitos, contacte-nos atrav\u00e9s dos detalhes fornecidos abaixo.<\/p>\n<p><b>7. Reten\u00e7\u00e3o de Dados<\/b><\/p>\n<p>Guardaremos os seus dados pessoais pelo tempo necess\u00e1rio para cumprir as finalidades descritas nesta pol\u00edtica, a menos que um per\u00edodo de reten\u00e7\u00e3o mais longo seja exigido ou permitido por lei.<\/p>\n<p><b>8. Cookies<\/b><\/p>\n<p>Utilizamos cookies no nosso site para melhorar a sua experi\u00eancia de navega\u00e7\u00e3o. Pode gerir as prefer\u00eancias de cookies atrav\u00e9s das defini\u00e7\u00f5es do seu navegador.<\/p>\n<p><b>9. Altera\u00e7\u00f5es a Esta Pol\u00edtica<\/b><\/p>\n<p>A Divani Care pode atualizar esta Pol\u00edtica de Privacidade de tempos a tempos. Recomendamos que reveja esta p\u00e1gina periodicamente para se manter informado sobre como protegemos os seus dados.<\/p>\n<p><b>10. Contacto<\/b><\/p>\n<p>Se tiver d\u00favidas ou preocupa\u00e7\u00f5es sobre a nossa Pol\u00edtica de Privacidade ou sobre o tratamento dos seus dados, por favor contacte-nos atrav\u00e9s de:<\/p>\n<p><strong>Divani Care<br><\/strong>E-mail: contacto@divanicare.com<a rel=\"noopener\"><br><span style=\"color: #071f29;\">Telefone: +351 239 045 944<\/span><\/a><\/p>\t\t\t\t\t\t\t\t<\/div>\n\t\t\t\t<\/div>\n\t\t\t\t<\/div>\n\t\t<div class=\"elementor-element elementor-element-dfb7f9a e-flex e-con-boxed e-con e-parent\" data-id=\"dfb7f9a\" data-element_type=\"container\" data-e-type=\"container\" data-settings=\"{&quot;background_background&quot;:&quot;classic&quot;,&quot;_ha_eqh_enable&quot;:false}\">\n\t\t\t\t\t<div class=\"e-con-inner\">\n\t\t\t\t<div class=\"elementor-element elementor-element-4667258 elementor-align-center elementor-widget elementor-widget-button\" data-id=\"4667258\" data-element_type=\"widget\" data-e-type=\"widget\" data-widget_type=\"button.default\">\n\t\t\t\t<div class=\"elementor-widget-container\">\n\t\t\t\t\t\t\t\t\t<div class=\"elementor-button-wrapper\">\n\t\t\t\t\t<a class=\"elementor-button elementor-button-link elementor-size-sm\" href=\"http:\/\/www.divanicare.com\/home\">\n\t\t\t\t\t\t<span class=\"elementor-button-content-wrapper\">\n\t\t\t\t\t\t<span class=\"elementor-button-icon\">\n\t\t\t\t<svg aria-hidden=\"true\" class=\"e-font-icon-svg e-fas-home\" viewBox=\"0 0 576 512\" xmlns=\"http:\/\/www.w3.org\/2000\/svg\"><path d=\"M280.37 148.26L96 300.11V464a16 16 0 0 0 16 16l112.06-.29a16 16 0 0 0 15.92-16V368a16 16 0 0 1 16-16h64a16 16 0 0 1 16 16v95.64a16 16 0 0 0 16 16.05L464 480a16 16 0 0 0 16-16V300L295.67 148.26a12.19 12.19 0 0 0-15.3 0zM571.6 251.47L488 182.56V44.05a12 12 0 0 0-12-12h-56a12 12 0 0 0-12 12v72.61L318.47 43a48 48 0 0 0-61 0L4.34 251.47a12 12 0 0 0-1.6 16.9l25.5 31A12 12 0 0 0 45.15 301l235.22-193.74a12.19 12.19 0 0 1 15.3 0L530.9 301a12 12 0 0 0 16.9-1.6l25.5-31a12 12 0 0 0-1.7-16.93z\"><\/path><\/svg>\t\t\t<\/span>\n\t\t\t\t\t\t\t\t\t<span class=\"elementor-button-text\">Home<\/span>\n\t\t\t\t\t<\/span>\n\t\t\t\t\t<\/a>\n\t\t\t\t<\/div>\n\t\t\t\t\t\t\t\t<\/div>\n\t\t\t\t<\/div>\n\t\t\t\t\t<\/div>\n\t\t\t\t<\/div>\n\t\t\t\t<\/div>\n\t\t","protected":false},"excerpt":{"rendered":"<p>Pol\u00edtica de privacidade da Divani Care 1. Introdu\u00e7\u00e3o Na Divani Care, comprometemo-nos a proteger a privacidade dos nossos clientes e visitantes do nosso site. Esta Pol\u00edtica de Privacidade explica como recolhemos, utilizamos e protegemos os seus dados pessoais. Ao utilizar os nossos servi\u00e7os, est\u00e1 a aceitar os termos desta pol\u00edtica. 2. Informa\u00e7\u00f5es que RecolhemosRecolhemos dados [&hellip;]<\/p>\n","protected":false},"author":1,"featured_media":0,"parent":0,"menu_order":0,"comment_status":"closed","ping_status":"closed","template":"","meta":{"nf_dc_page":"","om_disable_all_campaigns":false,"site-sidebar-layout":"no-sidebar","site-content-layout":"page-builder","ast-site-content-layout":"full-width-container","site-content-style":"default","site-sidebar-style":"default","ast-global-header-display":"","ast-banner-title-visibility":"","ast-main-header-display":"","ast-hfb-above-header-display":"","ast-hfb-below-header-display":"","ast-hfb-mobile-header-display":"","site-post-title":"disabled","ast-breadcrumbs-content":"","ast-featured-img":"disabled","footer-sml-layout":"","ast-disable-related-posts":"","theme-transparent-header-meta":"","adv-header-id-meta":"","stick-header-meta":"","header-above-stick-meta":"","header-main-stick-meta":"","header-below-stick-meta":"","astra-migrate-meta-layouts":"set","ast-page-background-enabled":"default","ast-page-background-meta":{"desktop":{"background-color":"","background-image":"","background-repeat":"repeat","background-position":"center center","background-size":"auto","background-attachment":"scroll","background-type":"","background-media":"","overlay-type":"","overlay-color":"","overlay-opacity":"","overlay-gradient":""},"tablet":{"background-color":"","background-image":"","background-repeat":"repeat","background-position":"center center","background-size":"auto","background-attachment":"scroll","background-type":"","background-media":"","overlay-type":"","overlay-color":"","overlay-opacity":"","overlay-gradient":""},"mobile":{"background-color":"","background-image":"","background-repeat":"repeat","background-position":"center center","background-size":"auto","background-attachment":"scroll","background-type":"","background-media":"","overlay-type":"","overlay-color":"","overlay-opacity":"","overlay-gradient":""}},"ast-content-background-meta":{"desktop":{"background-color":"var(--ast-global-color-5)","background-image":"","background-repeat":"repeat","background-position":"center center","background-size":"auto","background-attachment":"scroll","background-type":"","background-media":"","overlay-type":"","overlay-color":"","overlay-opacity":"","overlay-gradient":""},"tablet":{"background-color":"var(--ast-global-color-5)","background-image":"","background-repeat":"repeat","background-position":"center center","background-size":"auto","background-attachment":"scroll","background-type":"","background-media":"","overlay-type":"","overlay-color":"","overlay-opacity":"","overlay-gradient":""},"mobile":{"background-color":"var(--ast-global-color-5)","background-image":"","background-repeat":"repeat","background-position":"center center","background-size":"auto","background-attachment":"scroll","background-type":"","background-media":"","overlay-type":"","overlay-color":"","overlay-opacity":"","overlay-gradient":""}},"footnotes":""},"class_list":["post-2735","page","type-page","status-publish","hentry"],"aioseo_notices":[],"_links":{"self":[{"href":"https:\/\/divanicare.com\/home\/wp-json\/wp\/v2\/pages\/2735","targetHints":{"allow":["GET"]}}],"collection":[{"href":"https:\/\/divanicare.com\/home\/wp-json\/wp\/v2\/pages"}],"about":[{"href":"https:\/\/divanicare.com\/home\/wp-json\/wp\/v2\/types\/page"}],"author":[{"embeddable":true,"href":"https:\/\/divanicare.com\/home\/wp-json\/wp\/v2\/users\/1"}],"replies":[{"embeddable":true,"href":"https:\/\/divanicare.com\/home\/wp-json\/wp\/v2\/comments?post=2735"}],"version-history":[{"count":6,"href":"https:\/\/divanicare.com\/home\/wp-json\/wp\/v2\/pages\/2735\/revisions"}],"predecessor-version":[{"id":4632,"href":"https:\/\/divanicare.com\/home\/wp-json\/wp\/v2\/pages\/2735\/revisions\/4632"}],"wp:attachment":[{"href":"https:\/\/divanicare.com\/home\/wp-json\/wp\/v2\/media?parent=2735"}],"curies":[{"name":"wp","href":"https:\/\/api.w.org\/{rel}","templated":true}]}}